{"id":3506,"date":"2018-01-04T19:19:38","date_gmt":"2018-01-04T18:19:38","guid":{"rendered":"https:\/\/vecchiosito.lanza-perugini.edu.it\/lanza\/?p=3506"},"modified":"2023-02-08T15:40:49","modified_gmt":"2023-02-08T14:40:49","slug":"presentazione-del-dirigente","status":"publish","type":"page","link":"https:\/\/vecchiosito.lanza-perugini.edu.it\/lanza\/presentazione-del-dirigente\/","title":{"rendered":"Presentazione della Dirigente"},"content":{"rendered":"<div>Dirigente Scolastica: Prof.ssa Mirella Coli<\/div>\n<div>Ricevimento: <em>luned\u00ec<\/em> e <em>gioved\u00ec<\/em>, dalle ore 10:00 alle ore 12:00, <strong>previo appuntamento telefonico al centralino 0881-726619<\/strong><\/div>\n<div>Presidenza: tel. 0881-778104 fax. 0881-778104<\/div>\n<div>E-mail: fgpc160003@istruzione.it<\/div>\n<div>Pec: fgpc160003@pec.istruzione.it<\/div>\n<div>Sezione di Ascoli Satriano: tel. 0885-661009 fax. 0885-091107<\/div>\n<p>&nbsp;<\/p>\n<p>Al Personale \u00a0Docente<br \/>\nAl Dsga e al Personale ATA<br \/>\nAgli alunni, alle alunne e alle loro famiglie<br \/>\nAl Consiglio d\u2019Istituto<\/p>\n<p>Da pochi giorni ho assunto l\u2019incarico di Dirigente \u00a0scolastica presso questo prestigioso Istituto, e desidero rivolgere i miei saluti e il mio pi\u00f9 sentito augurio di buon anno scolastico a voi tutti.<br \/>\nGuardo a questo incarico con emozione, entusiasmo e senso di responsabilit\u00e0.<br \/>\nL\u2019ambizione \u00e8 di impegnarmi con voi per realizzare una scuola che assuma sempre pi\u00f9 i tratti di una \u201ccomunit\u00e0 educante\u201d, fatta di condivisione, arricchimento reciproco, cura e attenzione alla persona.<br \/>\nLa scuola \u00e8 un luogo di esplorazione e di ricerca, di confronto continuo, di supporto e cooperazione.<br \/>\nA scuola si promuove il dialogo circolare e l\u2019ascolto, e si gettano le basi della cittadinanza attiva e dell\u2019inclusione sociale. La scuola favorisce il senso critico che consente di abbattere pregiudizi e discriminazioni, e riconoscere dignit\u00e0 e valore a ciascuna individualit\u00e0.<br \/>\nL\u2019educazione \u00e8 questo e tanto altro, e cos\u00ec intesa rappresenta una sfida estremamente complessa, delicata e sempre nuova.<br \/>\nA mio parere, solo una forte passione permette di cogliere la reale bellezza e di portare a termine con successo la missione educativa, superando sfide ed ostacoli.<br \/>\nSono certa di avere incontrato docenti appassionati, oltre che genitori e studenti positivamente predisposti, con i quali avviare un percorso comune di co-costruzione ricco di soddisfazioni professionali e umane.<br \/>\nDa parte mia, in qualit\u00e0 di Dirigente, mi assumo l\u2019impegno e la responsabilit\u00e0 di \u201cesserci\u201d, affiancando tutti e ciascuno con professionalit\u00e0, equilibrio, integrit\u00e0, umilt\u00e0 e umanit\u00e0.<br \/>\nQuel che mi auguro e ci auguro, pertanto, \u00e8 di formare una squadra coesa e motivata, in cui, ognuno nel suo ruolo e con le sue peculiarit\u00e0, ma insieme agli altri, operi per il benessere e la crescita umana e culturale dei nostri studenti e studentesse.<\/p>\n<p>Un caro saluto,<br \/>\nMirella Coli<\/p>\n","protected":false},"excerpt":{"rendered":"<p>Dirigente Scolastica: Prof.ssa Mirella Coli Ricevimento: luned\u00ec e gioved\u00ec, dalle ore 10:00 alle ore 12:00, previo appuntamento telefonico al centralino 0881-726619 Presidenza: tel. 0881-778104 fax. 0881-778104 E-mail: fgpc160003@istruzione.it Pec: fgpc160003@pec.istruzione.it Sezione di Ascoli Satriano: tel. 0885-661009 fax. 0885-091107 &nbsp; Al Personale \u00a0Docente Al Dsga e al Personale ATA Agli alunni, alle alunne e alle loro&hellip; <a class=\"continue\" href=\"https:\/\/vecchiosito.lanza-perugini.edu.it\/lanza\/presentazione-del-dirigente\/\">Continue a leggere<span> Presentazione della Dirigente<\/span><\/a><\/p>\n","protected":false},"author":20,"featured_media":0,"parent":0,"menu_order":0,"comment_status":"closed","ping_status":"closed","template":"","meta":{"footnotes":""},"class_list":["post-3506","page","type-page","status-publish","hentry"],"yoast_head":"<!-- This site is optimized with the Yoast SEO plugin v27.4 - https:\/\/yoast.com\/product\/yoast-seo-wordpress\/ -->\n<title>Presentazione della Dirigente - Liceo Classico Lanza<\/title>\n<meta name=\"robots\" content=\"index, follow, max-snippet:-1, max-image-preview:large, max-video-preview:-1\" \/>\n<link rel=\"canonical\" href=\"https:\/\/vecchiosito.lanza-perugini.edu.it\/lanza\/presentazione-del-dirigente\/\" \/>\n<meta property=\"og:locale\" content=\"it_IT\" \/>\n<meta property=\"og:type\" content=\"article\" \/>\n<meta property=\"og:title\" content=\"Presentazione della Dirigente - Liceo Classico Lanza\" \/>\n<meta property=\"og:description\" content=\"Dirigente Scolastica: Prof.ssa Mirella Coli Ricevimento: luned\u00ec e gioved\u00ec, dalle ore 10:00 alle ore 12:00, previo appuntamento telefonico al centralino 0881-726619 Presidenza: tel. 0881-778104 fax. 0881-778104 E-mail: fgpc160003@istruzione.it Pec: fgpc160003@pec.istruzione.it Sezione di Ascoli Satriano: tel. 0885-661009 fax. 0885-091107 &nbsp; Al Personale \u00a0Docente Al Dsga e al Personale ATA Agli alunni, alle alunne e alle loro&hellip; Continue a leggere Presentazione della Dirigente\" \/>\n<meta property=\"og:url\" content=\"https:\/\/vecchiosito.lanza-perugini.edu.it\/lanza\/presentazione-del-dirigente\/\" \/>\n<meta property=\"og:site_name\" content=\"Liceo Classico Lanza\" \/>\n<meta property=\"article:modified_time\" content=\"2023-02-08T14:40:49+00:00\" \/>\n<meta name=\"twitter:card\" content=\"summary_large_image\" \/>\n<meta name=\"twitter:label1\" content=\"Tempo di lettura stimato\" \/>\n\t<meta name=\"twitter:data1\" content=\"2 minuti\" \/>\n<script type=\"application\/ld+json\" class=\"yoast-schema-graph\">{\"@context\":\"https:\\\/\\\/schema.org\",\"@graph\":[{\"@type\":\"WebPage\",\"@id\":\"https:\\\/\\\/vecchiosito.lanza-perugini.edu.it\\\/lanza\\\/presentazione-del-dirigente\\\/\",\"url\":\"https:\\\/\\\/vecchiosito.lanza-perugini.edu.it\\\/lanza\\\/presentazione-del-dirigente\\\/\",\"name\":\"Presentazione della Dirigente - Liceo Classico Lanza\",\"isPartOf\":{\"@id\":\"https:\\\/\\\/vecchiosito.lanza-perugini.edu.it\\\/lanza\\\/#website\"},\"datePublished\":\"2018-01-04T18:19:38+00:00\",\"dateModified\":\"2023-02-08T14:40:49+00:00\",\"breadcrumb\":{\"@id\":\"https:\\\/\\\/vecchiosito.lanza-perugini.edu.it\\\/lanza\\\/presentazione-del-dirigente\\\/#breadcrumb\"},\"inLanguage\":\"it-IT\",\"potentialAction\":[{\"@type\":\"ReadAction\",\"target\":[\"https:\\\/\\\/vecchiosito.lanza-perugini.edu.it\\\/lanza\\\/presentazione-del-dirigente\\\/\"]}]},{\"@type\":\"BreadcrumbList\",\"@id\":\"https:\\\/\\\/vecchiosito.lanza-perugini.edu.it\\\/lanza\\\/presentazione-del-dirigente\\\/#breadcrumb\",\"itemListElement\":[{\"@type\":\"ListItem\",\"position\":1,\"name\":\"Home\",\"item\":\"https:\\\/\\\/vecchiosito.lanza-perugini.edu.it\\\/lanza\\\/\"},{\"@type\":\"ListItem\",\"position\":2,\"name\":\"Presentazione della Dirigente\"}]},{\"@type\":\"WebSite\",\"@id\":\"https:\\\/\\\/vecchiosito.lanza-perugini.edu.it\\\/lanza\\\/#website\",\"url\":\"https:\\\/\\\/vecchiosito.lanza-perugini.edu.it\\\/lanza\\\/\",\"name\":\"Liceo Classico Lanza\",\"description\":\"Istituto &quot;Lanza-Perugini&quot;\",\"potentialAction\":[{\"@type\":\"SearchAction\",\"target\":{\"@type\":\"EntryPoint\",\"urlTemplate\":\"https:\\\/\\\/vecchiosito.lanza-perugini.edu.it\\\/lanza\\\/?s={search_term_string}\"},\"query-input\":{\"@type\":\"PropertyValueSpecification\",\"valueRequired\":true,\"valueName\":\"search_term_string\"}}],\"inLanguage\":\"it-IT\"}]}<\/script>\n<!-- \/ Yoast SEO plugin. -->","yoast_head_json":{"title":"Presentazione della Dirigente - Liceo Classico Lanza","robots":{"index":"index","follow":"follow","max-snippet":"max-snippet:-1","max-image-preview":"max-image-preview:large","max-video-preview":"max-video-preview:-1"},"canonical":"https:\/\/vecchiosito.lanza-perugini.edu.it\/lanza\/presentazione-del-dirigente\/","og_locale":"it_IT","og_type":"article","og_title":"Presentazione della Dirigente - Liceo Classico Lanza","og_description":"Dirigente Scolastica: Prof.ssa Mirella Coli Ricevimento: luned\u00ec e gioved\u00ec, dalle ore 10:00 alle ore 12:00, previo appuntamento telefonico al centralino 0881-726619 Presidenza: tel. 0881-778104 fax. 0881-778104 E-mail: fgpc160003@istruzione.it Pec: fgpc160003@pec.istruzione.it Sezione di Ascoli Satriano: tel. 0885-661009 fax. 0885-091107 &nbsp; Al Personale \u00a0Docente Al Dsga e al Personale ATA Agli alunni, alle alunne e alle loro&hellip; Continue a leggere Presentazione della Dirigente","og_url":"https:\/\/vecchiosito.lanza-perugini.edu.it\/lanza\/presentazione-del-dirigente\/","og_site_name":"Liceo Classico Lanza","article_modified_time":"2023-02-08T14:40:49+00:00","twitter_card":"summary_large_image","twitter_misc":{"Tempo di lettura stimato":"2 minuti"},"schema":{"@context":"https:\/\/schema.org","@graph":[{"@type":"WebPage","@id":"https:\/\/vecchiosito.lanza-perugini.edu.it\/lanza\/presentazione-del-dirigente\/","url":"https:\/\/vecchiosito.lanza-perugini.edu.it\/lanza\/presentazione-del-dirigente\/","name":"Presentazione della Dirigente - Liceo Classico Lanza","isPartOf":{"@id":"https:\/\/vecchiosito.lanza-perugini.edu.it\/lanza\/#website"},"datePublished":"2018-01-04T18:19:38+00:00","dateModified":"2023-02-08T14:40:49+00:00","breadcrumb":{"@id":"https:\/\/vecchiosito.lanza-perugini.edu.it\/lanza\/presentazione-del-dirigente\/#breadcrumb"},"inLanguage":"it-IT","potentialAction":[{"@type":"ReadAction","target":["https:\/\/vecchiosito.lanza-perugini.edu.it\/lanza\/presentazione-del-dirigente\/"]}]},{"@type":"BreadcrumbList","@id":"https:\/\/vecchiosito.lanza-perugini.edu.it\/lanza\/presentazione-del-dirigente\/#breadcrumb","itemListElement":[{"@type":"ListItem","position":1,"name":"Home","item":"https:\/\/vecchiosito.lanza-perugini.edu.it\/lanza\/"},{"@type":"ListItem","position":2,"name":"Presentazione della Dirigente"}]},{"@type":"WebSite","@id":"https:\/\/vecchiosito.lanza-perugini.edu.it\/lanza\/#website","url":"https:\/\/vecchiosito.lanza-perugini.edu.it\/lanza\/","name":"Liceo Classico Lanza","description":"Istituto &quot;Lanza-Perugini&quot;","potentialAction":[{"@type":"SearchAction","target":{"@type":"EntryPoint","urlTemplate":"https:\/\/vecchiosito.lanza-perugini.edu.it\/lanza\/?s={search_term_string}"},"query-input":{"@type":"PropertyValueSpecification","valueRequired":true,"valueName":"search_term_string"}}],"inLanguage":"it-IT"}]}},"publishpress_future_action":{"enabled":false,"date":"2026-05-01 01:15:05","action":"change-status","newStatus":"draft","terms":[],"taxonomy":"","extraData":[]},"publishpress_future_workflow_manual_trigger":{"enabledWorkflows":[]},"_links":{"self":[{"href":"https:\/\/vecchiosito.lanza-perugini.edu.it\/lanza\/wp-json\/wp\/v2\/pages\/3506","targetHints":{"allow":["GET"]}}],"collection":[{"href":"https:\/\/vecchiosito.lanza-perugini.edu.it\/lanza\/wp-json\/wp\/v2\/pages"}],"about":[{"href":"https:\/\/vecchiosito.lanza-perugini.edu.it\/lanza\/wp-json\/wp\/v2\/types\/page"}],"author":[{"embeddable":true,"href":"https:\/\/vecchiosito.lanza-perugini.edu.it\/lanza\/wp-json\/wp\/v2\/users\/20"}],"replies":[{"embeddable":true,"href":"https:\/\/vecchiosito.lanza-perugini.edu.it\/lanza\/wp-json\/wp\/v2\/comments?post=3506"}],"version-history":[{"count":2,"href":"https:\/\/vecchiosito.lanza-perugini.edu.it\/lanza\/wp-json\/wp\/v2\/pages\/3506\/revisions"}],"predecessor-version":[{"id":7053,"href":"https:\/\/vecchiosito.lanza-perugini.edu.it\/lanza\/wp-json\/wp\/v2\/pages\/3506\/revisions\/7053"}],"wp:attachment":[{"href":"https:\/\/vecchiosito.lanza-perugini.edu.it\/lanza\/wp-json\/wp\/v2\/media?parent=3506"}],"curies":[{"name":"wp","href":"https:\/\/api.w.org\/{rel}","templated":true}]}}