{"id":535,"date":"2014-02-26T09:42:25","date_gmt":"2014-02-26T09:42:25","guid":{"rendered":"https:\/\/vecchiosito.lanza-perugini.edu.it\/perugini\/centro-sportivo\/"},"modified":"2017-12-27T10:21:24","modified_gmt":"2017-12-27T09:21:24","slug":"centro-sportivo","status":"publish","type":"page","link":"https:\/\/vecchiosito.lanza-perugini.edu.it\/perugini\/centro-sportivo\/","title":{"rendered":"Centro Sportivo Scolastico \u201cVIRIBUS UNITIS&#8221; \u201c LANZA PERUGINI \u201c"},"content":{"rendered":"<p>&nbsp;<\/p>\n<div>\n<div><strong>Presidente<\/strong>: Dirigente Scolastico Prof. Giuseppe Trecca<\/div>\n<div><strong>Referenti<\/strong>: Prof.ssa Maria Rosaria Del Vecchio<\/div>\n<div><\/div>\n<div><strong>Consiglieri<\/strong>: (Docenti di Educazione Fisica)<\/div>\n<div>Prof. Roberto De Vito<\/div>\n<div>Prof.ssa Violetta Donatelli<\/div>\n<div>Prof. Antonello Allamprese<\/div>\n<div><\/div>\n<\/div>\n<div><strong>Attivit\u00e0 del centro sportivo scolastico\u00a0<\/strong><\/div>\n<div>\n<ul>\n<li>Preparazione degli alunni e partecipazione ai Giochi Sportivi Studenteschi di Pallavolo, maschile e\/o femminile; Corsa Campestre, Atletica leggera, Calcio a 5 maschile e\/o femminile, Beach volley maschile e femminile.<\/li>\n<li>Torneo di interclasse di Pallavolo (misto), tra le sedi del Liceo Classico e del Liceo Artistico di Foggia, del Liceo di Ascoli Satriano e Bovino.<\/li>\n<li>Tornei di pallavolo e calcetto tra alunni, docenti e personale A.T.A.<\/li>\n<li>Eventuali uscite sul territorio per partecipare alle Competizioni Sportive proposte dal C.S.A. di Foggia e Federazioni, Enti Sportivi, Associazioni, Istituzioni.<\/li>\n<li>Giornata dello Sport.<\/li>\n<\/ul>\n<div><\/div>\n<\/div>\n<div><strong>Destinatari<\/strong>: Tutti gli studenti, del Liceo sia di Foggia che delle Sedi coordinate, che intendono partecipare alle attivit\u00e0 sportive pomeridiane.<\/div>\n<div><\/div>\n<div><strong>Modalit\u00e0 degli incontri:<\/strong>\u00a0Incontri settimanali pomeridiani (giorni e date da definire in base alle direttive ministeriali in materia di campionati studenteschi) nella palestra del Liceo Artistico Perugini; nella palestra di Via Bovio, Liceo \u201cLanza\u201d; presso il campo scuola \u201cN. Mondelli\u201d (Atletica Leggera). Per quanto riguarda i tornei di calcetto , gli studenti partecipanti si autofinanzieranno per fittare campi sportivi esterni, non avendo Il Liceo una struttura sportiva idonea all\u2019attivit\u00e0.<\/div>\n<div><\/div>\n<div>\n<div><strong>Tempi di esecuzione: <\/strong>Intero anno scolastico.<\/div>\n<div><\/div>\n<div><strong>Partecipazione personale A.T.A.:<\/strong> Vigilanza e pulizia delle palestre, nei giorni delle attivit\u00e0.<\/div>\n<div><\/div>\n<\/div>\n<div><strong>Introduzione<\/strong><\/div>\n<div>Il Centro Sportivo Scolastico del Liceo \u201cLanza \u2013 Perugini\u201d, \u00a0dopo una attenta valutazione dei bisogni degli studenti e dopo aver effettuato un sondaggio tra gli stessi, sulla preferenza delle attivit\u00e0, considerati gli impianti e le attrezzature disponibili, ha elaborato il progetto di attivit\u00e0 motoria extracurriculare. Tale attivit\u00e0, inserita nel P.O.F., \u00e8 diretta a tutti gli studenti del Liceo e a tutto il personale della scuola.<\/div>\n<div><\/div>\n<div><strong>Finalit\u00e0<\/strong>\u2019<\/div>\n<div>\n<div>\n<div>Il Centro Sportivo Scolastico attribuisce alla pratica sportiva un prevalente ruolo sociale, che si attua nella capacit\u00e0 dello sport di essere fattore di educazione, di crescita umana e di integrazione fra le persone.<\/div>\n<div>Il C.S.S. ritiene che lo sport scolastico, in quanto parte di un progetto educativo globale, debba contribuire a formare nell\u2019alunno il senso di valori etici fondamentali come il rispetto per l\u2019altro, la giustizia, la solidariet\u00e0, l\u2019autocontrollo, l\u2019autodisciplina nella vittoria e nella sconfitta. Il C.S.S. si propone di attivare comportamenti di prevenzione verso alcune devianze giovanili ed inoltre, mira a far acquisire l\u2019abitudine all\u2019attivit\u00e0 motoria come stile di vita da perseguire ltre la conclusione del corso di studio.<\/div>\n<div>Infine, si propone di fornire agli studenti partecipanti, il miglioramento delle capacit\u00e0 coordinative \/ condizionali e dei fondamentali tecnici e tattici delle specialit\u00e0 sportive praticate.<\/div>\n<\/div>\n<div><\/div>\n<div><strong>Contenuti<\/strong><\/div>\n<div>\n<div>Pallavolo \u2013 Calcio a 5:le principali regole di gioco e di arbitraggio; i fondamentali e gli schemi di gioco. Atletica leggera \u2013 Campestre: la tecnica fondamentale delle specialit\u00e0 su pista (corse piane, ad ostacoli, salti, lanci, mezzofondo e staffetta 4&#215;100). La corsa di mezzofondo in ambiente naturale.<\/div>\n<\/div>\n<div>Calcetto: Tornei<\/div>\n<div><\/div>\n<div>\n<div><strong>Materiali e strumenti utilizzati\u00a0<\/strong><\/div>\n<div>Materiale sportivo. Cassetta pronto soccorso. Strumenti multimediali, audio-video, fotografico, fax, fotocopiatrice, carta e quanto altro serva per le attivit\u00e0 sportive. Per le missioni fuori sede dei Campionati i mezzi di trasporto.<\/div>\n<\/div>\n<div><\/div>\n<div>\n<div><strong>Sistemi di controllo, verifica e valutazione\u00a0<\/strong><\/div>\n<div>Come sistema di controllo si rilever\u00e0 la presenza, con firma, per alunni, docenti, personale A.T.A. ed eventuali Esterni. Le attivit\u00e0 sportive pomeridiane saranno valutate e verificate attraverso le performance ottenute dagli allievi, nelle competizioni dei Giochi Sportivi Studenteschi. Si concluderanno le attivit\u00e0 con una \u201cGiornata dello Sport\u201d, organizzata dagli stessi alunni ed insegnanti , dedicata a tornei e specialit\u00e0 individuali e di squadra.<\/div>\n<div>Il C.S.S. rilascer\u00e0, al termine del ciclo scolastico, la certificazione delle competenze acquisite dagli studenti, durante le attivit\u00e0 svolte e come previsto dalle linee guida per le attivit\u00e0 motorie del Miur.<\/div>\n<\/div>\n<div><\/div>\n<div>\n<div><strong>Regolamento attivit\u00e0 Sportiva Scolastica pomeridiana\u00a0<\/strong><\/div>\n<div>L\u2019attivit\u00e0 sportiva scolastica pomeridiana si svolger\u00e0 nelle Palestre e Campi due pomeriggi la settimana, secondo gli orari concordati con i gestori degli impianti. E\u2019 obbligatorio, per gli alunni, dotarsi di abbigliamento e scarpe adeguate; rispettare i materiali e le attrezzature; mantenere un comportamento corretto per s\u00e9 e gli altri. Non saranno assolutamente accettati comportamenti scorretti e\/o inadeguati, laddove si verificassero l\u2019insegnante potr\u00e0 decidere l\u2019allontanamento del soggetto dal gruppo. Per qualsiasi attivit\u00e0 , ogni allievo interessato deve ritirare presso l\u2019insegnante referente, il prestampato per l\u2019autorizzazione dei genitori e consegnare il certificato medico per \u201cattivit\u00e0 sportiva non agonistica\u201d.<\/div>\n<div>Gli impegni , gli orari e gli eventuali aggiornamenti delle attivit\u00e0 saranno affissi in bacheca. Gli allievi che parteciperanno alle varie iniziative sportive, saranno tenuti ad informarsi autonomamente e con senso di responsabilit\u00e0 relativamente agli impegni, orari delle attivit\u00e0.<\/div>\n<div><\/div>\n<div>\n<div><strong>La referente<\/strong>, prof.ssa Maria Rosaria Del Vecchio<\/div>\n<div><strong>I consiglieri,<\/strong> prof. Violetta Donatelli, prof.Roberto De Vito, prof. Antonello Allamprese<\/div>\n<\/div>\n<\/div>\n<\/div>\n","protected":false},"excerpt":{"rendered":"<p>&nbsp; Presidente: Dirigente Scolastico Prof. Giuseppe Trecca Referenti: Prof.ssa Maria Rosaria Del Vecchio Consiglieri: (Docenti di Educazione Fisica) Prof. Roberto De Vito Prof.ssa Violetta Donatelli Prof. Antonello Allamprese Attivit\u00e0 del centro sportivo scolastico\u00a0 Preparazione degli alunni e partecipazione ai Giochi Sportivi Studenteschi di Pallavolo, maschile e\/o femminile; Corsa Campestre, Atletica leggera, Calcio a 5 maschile&hellip; <a class=\"continue\" href=\"https:\/\/vecchiosito.lanza-perugini.edu.it\/perugini\/centro-sportivo\/\">Continue a leggere<span> Centro Sportivo Scolastico \u201cVIRIBUS UNITIS&#8221; \u201c LANZA PERUGINI \u201c<\/span><\/a><\/p>\n","protected":false},"author":15,"featured_media":0,"parent":0,"menu_order":25,"comment_status":"closed","ping_status":"closed","template":"","meta":{"footnotes":""},"class_list":["post-535","page","type-page","status-publish","hentry"],"yoast_head":"<!-- This site is optimized with the Yoast SEO plugin v27.4 - https:\/\/yoast.com\/product\/yoast-seo-wordpress\/ -->\n<title>Centro Sportivo Scolastico \u201cVIRIBUS UNITIS&quot; \u201c LANZA PERUGINI \u201c - Liceo Artistico Perugini<\/title>\n<meta name=\"robots\" content=\"index, follow, max-snippet:-1, max-image-preview:large, max-video-preview:-1\" \/>\n<link rel=\"canonical\" href=\"https:\/\/vecchiosito.lanza-perugini.edu.it\/perugini\/centro-sportivo\/\" \/>\n<meta property=\"og:locale\" content=\"it_IT\" \/>\n<meta property=\"og:type\" content=\"article\" \/>\n<meta property=\"og:title\" content=\"Centro Sportivo Scolastico \u201cVIRIBUS UNITIS&quot; \u201c LANZA PERUGINI \u201c - Liceo Artistico Perugini\" \/>\n<meta property=\"og:description\" content=\"&nbsp; Presidente: Dirigente Scolastico Prof. Giuseppe Trecca Referenti: Prof.ssa Maria Rosaria Del Vecchio Consiglieri: (Docenti di Educazione Fisica) Prof. Roberto De Vito Prof.ssa Violetta Donatelli Prof. Antonello Allamprese Attivit\u00e0 del centro sportivo scolastico\u00a0 Preparazione degli alunni e partecipazione ai Giochi Sportivi Studenteschi di Pallavolo, maschile e\/o femminile; Corsa Campestre, Atletica leggera, Calcio a 5 maschile&hellip; Continue a leggere Centro Sportivo Scolastico \u201cVIRIBUS UNITIS&#8221; \u201c LANZA PERUGINI \u201c\" \/>\n<meta property=\"og:url\" content=\"https:\/\/vecchiosito.lanza-perugini.edu.it\/perugini\/centro-sportivo\/\" \/>\n<meta property=\"og:site_name\" content=\"Liceo Artistico Perugini\" \/>\n<meta property=\"article:modified_time\" content=\"2017-12-27T09:21:24+00:00\" \/>\n<meta name=\"twitter:card\" content=\"summary_large_image\" \/>\n<meta name=\"twitter:label1\" content=\"Tempo di lettura stimato\" \/>\n\t<meta name=\"twitter:data1\" content=\"4 minuti\" \/>\n<script type=\"application\/ld+json\" class=\"yoast-schema-graph\">{\"@context\":\"https:\\\/\\\/schema.org\",\"@graph\":[{\"@type\":\"WebPage\",\"@id\":\"https:\\\/\\\/vecchiosito.lanza-perugini.edu.it\\\/perugini\\\/centro-sportivo\\\/\",\"url\":\"https:\\\/\\\/vecchiosito.lanza-perugini.edu.it\\\/perugini\\\/centro-sportivo\\\/\",\"name\":\"Centro Sportivo Scolastico \u201cVIRIBUS UNITIS\\\" \u201c LANZA PERUGINI \u201c - Liceo Artistico Perugini\",\"isPartOf\":{\"@id\":\"https:\\\/\\\/vecchiosito.lanza-perugini.edu.it\\\/perugini\\\/#website\"},\"datePublished\":\"2014-02-26T09:42:25+00:00\",\"dateModified\":\"2017-12-27T09:21:24+00:00\",\"breadcrumb\":{\"@id\":\"https:\\\/\\\/vecchiosito.lanza-perugini.edu.it\\\/perugini\\\/centro-sportivo\\\/#breadcrumb\"},\"inLanguage\":\"it-IT\",\"potentialAction\":[{\"@type\":\"ReadAction\",\"target\":[\"https:\\\/\\\/vecchiosito.lanza-perugini.edu.it\\\/perugini\\\/centro-sportivo\\\/\"]}]},{\"@type\":\"BreadcrumbList\",\"@id\":\"https:\\\/\\\/vecchiosito.lanza-perugini.edu.it\\\/perugini\\\/centro-sportivo\\\/#breadcrumb\",\"itemListElement\":[{\"@type\":\"ListItem\",\"position\":1,\"name\":\"Home\",\"item\":\"https:\\\/\\\/vecchiosito.lanza-perugini.edu.it\\\/perugini\\\/\"},{\"@type\":\"ListItem\",\"position\":2,\"name\":\"Centro Sportivo Scolastico \u201cVIRIBUS UNITIS&#8221; \u201c LANZA PERUGINI \u201c\"}]},{\"@type\":\"WebSite\",\"@id\":\"https:\\\/\\\/vecchiosito.lanza-perugini.edu.it\\\/perugini\\\/#website\",\"url\":\"https:\\\/\\\/vecchiosito.lanza-perugini.edu.it\\\/perugini\\\/\",\"name\":\"Liceo Artistico Perugini\",\"description\":\"Istituto &quot;Lanza-Perugini&quot;\",\"potentialAction\":[{\"@type\":\"SearchAction\",\"target\":{\"@type\":\"EntryPoint\",\"urlTemplate\":\"https:\\\/\\\/vecchiosito.lanza-perugini.edu.it\\\/perugini\\\/?s={search_term_string}\"},\"query-input\":{\"@type\":\"PropertyValueSpecification\",\"valueRequired\":true,\"valueName\":\"search_term_string\"}}],\"inLanguage\":\"it-IT\"}]}<\/script>\n<!-- \/ Yoast SEO plugin. -->","yoast_head_json":{"title":"Centro Sportivo Scolastico \u201cVIRIBUS UNITIS\" \u201c LANZA PERUGINI \u201c - Liceo Artistico Perugini","robots":{"index":"index","follow":"follow","max-snippet":"max-snippet:-1","max-image-preview":"max-image-preview:large","max-video-preview":"max-video-preview:-1"},"canonical":"https:\/\/vecchiosito.lanza-perugini.edu.it\/perugini\/centro-sportivo\/","og_locale":"it_IT","og_type":"article","og_title":"Centro Sportivo Scolastico \u201cVIRIBUS UNITIS\" \u201c LANZA PERUGINI \u201c - Liceo Artistico Perugini","og_description":"&nbsp; Presidente: Dirigente Scolastico Prof. Giuseppe Trecca Referenti: Prof.ssa Maria Rosaria Del Vecchio Consiglieri: (Docenti di Educazione Fisica) Prof. Roberto De Vito Prof.ssa Violetta Donatelli Prof. Antonello Allamprese Attivit\u00e0 del centro sportivo scolastico\u00a0 Preparazione degli alunni e partecipazione ai Giochi Sportivi Studenteschi di Pallavolo, maschile e\/o femminile; Corsa Campestre, Atletica leggera, Calcio a 5 maschile&hellip; Continue a leggere Centro Sportivo Scolastico \u201cVIRIBUS UNITIS&#8221; \u201c LANZA PERUGINI \u201c","og_url":"https:\/\/vecchiosito.lanza-perugini.edu.it\/perugini\/centro-sportivo\/","og_site_name":"Liceo Artistico Perugini","article_modified_time":"2017-12-27T09:21:24+00:00","twitter_card":"summary_large_image","twitter_misc":{"Tempo di lettura stimato":"4 minuti"},"schema":{"@context":"https:\/\/schema.org","@graph":[{"@type":"WebPage","@id":"https:\/\/vecchiosito.lanza-perugini.edu.it\/perugini\/centro-sportivo\/","url":"https:\/\/vecchiosito.lanza-perugini.edu.it\/perugini\/centro-sportivo\/","name":"Centro Sportivo Scolastico \u201cVIRIBUS UNITIS\" \u201c LANZA PERUGINI \u201c - Liceo Artistico Perugini","isPartOf":{"@id":"https:\/\/vecchiosito.lanza-perugini.edu.it\/perugini\/#website"},"datePublished":"2014-02-26T09:42:25+00:00","dateModified":"2017-12-27T09:21:24+00:00","breadcrumb":{"@id":"https:\/\/vecchiosito.lanza-perugini.edu.it\/perugini\/centro-sportivo\/#breadcrumb"},"inLanguage":"it-IT","potentialAction":[{"@type":"ReadAction","target":["https:\/\/vecchiosito.lanza-perugini.edu.it\/perugini\/centro-sportivo\/"]}]},{"@type":"BreadcrumbList","@id":"https:\/\/vecchiosito.lanza-perugini.edu.it\/perugini\/centro-sportivo\/#breadcrumb","itemListElement":[{"@type":"ListItem","position":1,"name":"Home","item":"https:\/\/vecchiosito.lanza-perugini.edu.it\/perugini\/"},{"@type":"ListItem","position":2,"name":"Centro Sportivo Scolastico \u201cVIRIBUS UNITIS&#8221; \u201c LANZA PERUGINI \u201c"}]},{"@type":"WebSite","@id":"https:\/\/vecchiosito.lanza-perugini.edu.it\/perugini\/#website","url":"https:\/\/vecchiosito.lanza-perugini.edu.it\/perugini\/","name":"Liceo Artistico Perugini","description":"Istituto &quot;Lanza-Perugini&quot;","potentialAction":[{"@type":"SearchAction","target":{"@type":"EntryPoint","urlTemplate":"https:\/\/vecchiosito.lanza-perugini.edu.it\/perugini\/?s={search_term_string}"},"query-input":{"@type":"PropertyValueSpecification","valueRequired":true,"valueName":"search_term_string"}}],"inLanguage":"it-IT"}]}},"publishpress_future_action":{"enabled":false,"date":"2026-05-01 01:10:27","action":"change-status","newStatus":"draft","terms":[],"taxonomy":"","extraData":[]},"publishpress_future_workflow_manual_trigger":{"enabledWorkflows":[]},"_links":{"self":[{"href":"https:\/\/vecchiosito.lanza-perugini.edu.it\/perugini\/wp-json\/wp\/v2\/pages\/535","targetHints":{"allow":["GET"]}}],"collection":[{"href":"https:\/\/vecchiosito.lanza-perugini.edu.it\/perugini\/wp-json\/wp\/v2\/pages"}],"about":[{"href":"https:\/\/vecchiosito.lanza-perugini.edu.it\/perugini\/wp-json\/wp\/v2\/types\/page"}],"author":[{"embeddable":true,"href":"https:\/\/vecchiosito.lanza-perugini.edu.it\/perugini\/wp-json\/wp\/v2\/users\/15"}],"replies":[{"embeddable":true,"href":"https:\/\/vecchiosito.lanza-perugini.edu.it\/perugini\/wp-json\/wp\/v2\/comments?post=535"}],"version-history":[{"count":0,"href":"https:\/\/vecchiosito.lanza-perugini.edu.it\/perugini\/wp-json\/wp\/v2\/pages\/535\/revisions"}],"wp:attachment":[{"href":"https:\/\/vecchiosito.lanza-perugini.edu.it\/perugini\/wp-json\/wp\/v2\/media?parent=535"}],"curies":[{"name":"wp","href":"https:\/\/api.w.org\/{rel}","templated":true}]}}