{"id":648,"date":"2014-02-26T17:35:36","date_gmt":"2014-02-26T17:35:36","guid":{"rendered":"https:\/\/vecchiosito.lanza-perugini.edu.it\/perugini\/liceo-artistico-perugini\/"},"modified":"2022-11-14T16:57:58","modified_gmt":"2022-11-14T15:57:58","slug":"liceo-artistico-perugini","status":"publish","type":"page","link":"https:\/\/vecchiosito.lanza-perugini.edu.it\/perugini\/liceo-artistico-perugini\/","title":{"rendered":"Liceo Artistico Perugini"},"content":{"rendered":"<p>Il LICEO ARTISTICO \u00e8 indirizzato allo studio dei fenomeni estetici e alla pratica artistica. Favorisce l\u2019acquisizione dei metodi specifici della ricerca e della produzione artistica e la padronanza dei linguaggi e delle tecniche relative. Fornisce allo studente gli strumenti necessari per conoscere il patrimonio artistico nel suo contesto storico e culturale e per coglierne a pieno la presenza e il valore nella societ\u00e0 odierna. Guida lo studente ad approfondire e a sviluppare le conoscenze e le abilit\u00e0 oltre a maturare le competenze necessarie per dare espressione alla propria creativit\u00e0 e capacit\u00e0 progettuale nell\u2019ambito delle Arti. Risultati di apprendimento:<\/p>\n<ul>\n<li>Conoscere la storia della produzione artistica e architettonica e il significato delle opere d\u2019arte nei diversi contesti storici e culturali anche in relazione agli indirizzi di studio prescelti;<\/li>\n<li>Cogliere i valori estetici, concettuali e funzionali nelle opere artistiche;<\/li>\n<li>Conoscere e applicare le tecniche grafiche, pittoriche, plastico-scultoree, architettoniche e multimediali e saper collegare tra di loro i diversi linguaggi artistici;<\/li>\n<li>Conoscere e padroneggiare i processi progettuali e operativi e utilizzare in modo appropriato tecniche e materiali in relazione agli indirizzi prescelti;<\/li>\n<li>Conoscere e applicare i codici dei linguaggi artistici, i principi della percezione visiva e della composizione della forma in tutte le sue configurazioni e funzioni;<\/li>\n<li>Conoscere le problematiche relative alla tutela, alla conservazione e al restauro del patrimonio artistico e architettonico.<\/li>\n<\/ul>\n<!-- WP Attachments -->\r\n        <div style=\"width:100%;margin:10px 0 10px 0;\">\r\n            <h3>Allegati<\/h3>\r\n        <ul class=\"post-attachments\"><li class=\"post-attachment mime-application-pdf\"><a href=\"https:\/\/vecchiosito.lanza-perugini.edu.it\/perugini\/wp-content\/uploads\/sites\/3\/2022\/11\/opuscolo2022-CAMBRIDGE_light_2.pdf\">Opuscolo2022 CAMBRIDGE Light 2<\/a> <small>(5 MB)<\/small><\/li><\/ul><\/div>","protected":false},"excerpt":{"rendered":"<p>Il LICEO ARTISTICO \u00e8 indirizzato allo studio dei fenomeni estetici e alla pratica artistica. Favorisce l\u2019acquisizione dei metodi specifici della ricerca e della produzione artistica e la padronanza dei linguaggi e delle tecniche relative. Fornisce allo studente gli strumenti necessari per conoscere il patrimonio artistico nel suo contesto storico e culturale e per coglierne a&hellip; <a class=\"continue\" href=\"https:\/\/vecchiosito.lanza-perugini.edu.it\/perugini\/liceo-artistico-perugini\/\">Continue a leggere<span> Liceo Artistico Perugini<\/span><\/a><\/p>\n","protected":false},"author":15,"featured_media":0,"parent":0,"menu_order":21,"comment_status":"closed","ping_status":"closed","template":"","meta":{"footnotes":""},"class_list":["post-648","page","type-page","status-publish","hentry"],"yoast_head":"<!-- This site is optimized with the Yoast SEO plugin v27.4 - https:\/\/yoast.com\/product\/yoast-seo-wordpress\/ -->\n<title>Liceo Artistico Perugini - Liceo Artistico Perugini<\/title>\n<meta name=\"robots\" content=\"index, follow, max-snippet:-1, max-image-preview:large, max-video-preview:-1\" \/>\n<link rel=\"canonical\" href=\"https:\/\/vecchiosito.lanza-perugini.edu.it\/perugini\/liceo-artistico-perugini\/\" \/>\n<meta property=\"og:locale\" content=\"it_IT\" \/>\n<meta property=\"og:type\" content=\"article\" \/>\n<meta property=\"og:title\" content=\"Liceo Artistico Perugini - Liceo Artistico Perugini\" \/>\n<meta property=\"og:description\" content=\"Il LICEO ARTISTICO \u00e8 indirizzato allo studio dei fenomeni estetici e alla pratica artistica. Favorisce l\u2019acquisizione dei metodi specifici della ricerca e della produzione artistica e la padronanza dei linguaggi e delle tecniche relative. Fornisce allo studente gli strumenti necessari per conoscere il patrimonio artistico nel suo contesto storico e culturale e per coglierne a&hellip; Continue a leggere Liceo Artistico Perugini\" \/>\n<meta property=\"og:url\" content=\"https:\/\/vecchiosito.lanza-perugini.edu.it\/perugini\/liceo-artistico-perugini\/\" \/>\n<meta property=\"og:site_name\" content=\"Liceo Artistico Perugini\" \/>\n<meta property=\"article:modified_time\" content=\"2022-11-14T15:57:58+00:00\" \/>\n<meta name=\"twitter:card\" content=\"summary_large_image\" \/>\n<meta name=\"twitter:label1\" content=\"Tempo di lettura stimato\" \/>\n\t<meta name=\"twitter:data1\" content=\"2 minuti\" \/>\n<script type=\"application\/ld+json\" class=\"yoast-schema-graph\">{\"@context\":\"https:\\\/\\\/schema.org\",\"@graph\":[{\"@type\":\"WebPage\",\"@id\":\"https:\\\/\\\/vecchiosito.lanza-perugini.edu.it\\\/perugini\\\/liceo-artistico-perugini\\\/\",\"url\":\"https:\\\/\\\/vecchiosito.lanza-perugini.edu.it\\\/perugini\\\/liceo-artistico-perugini\\\/\",\"name\":\"Liceo Artistico Perugini - Liceo Artistico Perugini\",\"isPartOf\":{\"@id\":\"https:\\\/\\\/vecchiosito.lanza-perugini.edu.it\\\/perugini\\\/#website\"},\"datePublished\":\"2014-02-26T17:35:36+00:00\",\"dateModified\":\"2022-11-14T15:57:58+00:00\",\"breadcrumb\":{\"@id\":\"https:\\\/\\\/vecchiosito.lanza-perugini.edu.it\\\/perugini\\\/liceo-artistico-perugini\\\/#breadcrumb\"},\"inLanguage\":\"it-IT\",\"potentialAction\":[{\"@type\":\"ReadAction\",\"target\":[\"https:\\\/\\\/vecchiosito.lanza-perugini.edu.it\\\/perugini\\\/liceo-artistico-perugini\\\/\"]}]},{\"@type\":\"BreadcrumbList\",\"@id\":\"https:\\\/\\\/vecchiosito.lanza-perugini.edu.it\\\/perugini\\\/liceo-artistico-perugini\\\/#breadcrumb\",\"itemListElement\":[{\"@type\":\"ListItem\",\"position\":1,\"name\":\"Home\",\"item\":\"https:\\\/\\\/vecchiosito.lanza-perugini.edu.it\\\/perugini\\\/\"},{\"@type\":\"ListItem\",\"position\":2,\"name\":\"Liceo Artistico Perugini\"}]},{\"@type\":\"WebSite\",\"@id\":\"https:\\\/\\\/vecchiosito.lanza-perugini.edu.it\\\/perugini\\\/#website\",\"url\":\"https:\\\/\\\/vecchiosito.lanza-perugini.edu.it\\\/perugini\\\/\",\"name\":\"Liceo Artistico Perugini\",\"description\":\"Istituto &quot;Lanza-Perugini&quot;\",\"potentialAction\":[{\"@type\":\"SearchAction\",\"target\":{\"@type\":\"EntryPoint\",\"urlTemplate\":\"https:\\\/\\\/vecchiosito.lanza-perugini.edu.it\\\/perugini\\\/?s={search_term_string}\"},\"query-input\":{\"@type\":\"PropertyValueSpecification\",\"valueRequired\":true,\"valueName\":\"search_term_string\"}}],\"inLanguage\":\"it-IT\"}]}<\/script>\n<!-- \/ Yoast SEO plugin. -->","yoast_head_json":{"title":"Liceo Artistico Perugini - Liceo Artistico Perugini","robots":{"index":"index","follow":"follow","max-snippet":"max-snippet:-1","max-image-preview":"max-image-preview:large","max-video-preview":"max-video-preview:-1"},"canonical":"https:\/\/vecchiosito.lanza-perugini.edu.it\/perugini\/liceo-artistico-perugini\/","og_locale":"it_IT","og_type":"article","og_title":"Liceo Artistico Perugini - Liceo Artistico Perugini","og_description":"Il LICEO ARTISTICO \u00e8 indirizzato allo studio dei fenomeni estetici e alla pratica artistica. Favorisce l\u2019acquisizione dei metodi specifici della ricerca e della produzione artistica e la padronanza dei linguaggi e delle tecniche relative. Fornisce allo studente gli strumenti necessari per conoscere il patrimonio artistico nel suo contesto storico e culturale e per coglierne a&hellip; Continue a leggere Liceo Artistico Perugini","og_url":"https:\/\/vecchiosito.lanza-perugini.edu.it\/perugini\/liceo-artistico-perugini\/","og_site_name":"Liceo Artistico Perugini","article_modified_time":"2022-11-14T15:57:58+00:00","twitter_card":"summary_large_image","twitter_misc":{"Tempo di lettura stimato":"2 minuti"},"schema":{"@context":"https:\/\/schema.org","@graph":[{"@type":"WebPage","@id":"https:\/\/vecchiosito.lanza-perugini.edu.it\/perugini\/liceo-artistico-perugini\/","url":"https:\/\/vecchiosito.lanza-perugini.edu.it\/perugini\/liceo-artistico-perugini\/","name":"Liceo Artistico Perugini - Liceo Artistico Perugini","isPartOf":{"@id":"https:\/\/vecchiosito.lanza-perugini.edu.it\/perugini\/#website"},"datePublished":"2014-02-26T17:35:36+00:00","dateModified":"2022-11-14T15:57:58+00:00","breadcrumb":{"@id":"https:\/\/vecchiosito.lanza-perugini.edu.it\/perugini\/liceo-artistico-perugini\/#breadcrumb"},"inLanguage":"it-IT","potentialAction":[{"@type":"ReadAction","target":["https:\/\/vecchiosito.lanza-perugini.edu.it\/perugini\/liceo-artistico-perugini\/"]}]},{"@type":"BreadcrumbList","@id":"https:\/\/vecchiosito.lanza-perugini.edu.it\/perugini\/liceo-artistico-perugini\/#breadcrumb","itemListElement":[{"@type":"ListItem","position":1,"name":"Home","item":"https:\/\/vecchiosito.lanza-perugini.edu.it\/perugini\/"},{"@type":"ListItem","position":2,"name":"Liceo Artistico Perugini"}]},{"@type":"WebSite","@id":"https:\/\/vecchiosito.lanza-perugini.edu.it\/perugini\/#website","url":"https:\/\/vecchiosito.lanza-perugini.edu.it\/perugini\/","name":"Liceo Artistico Perugini","description":"Istituto &quot;Lanza-Perugini&quot;","potentialAction":[{"@type":"SearchAction","target":{"@type":"EntryPoint","urlTemplate":"https:\/\/vecchiosito.lanza-perugini.edu.it\/perugini\/?s={search_term_string}"},"query-input":{"@type":"PropertyValueSpecification","valueRequired":true,"valueName":"search_term_string"}}],"inLanguage":"it-IT"}]}},"publishpress_future_action":{"enabled":false,"date":"2026-05-01 01:10:28","action":"change-status","newStatus":"draft","terms":[],"taxonomy":"","extraData":[]},"publishpress_future_workflow_manual_trigger":{"enabledWorkflows":[]},"_links":{"self":[{"href":"https:\/\/vecchiosito.lanza-perugini.edu.it\/perugini\/wp-json\/wp\/v2\/pages\/648","targetHints":{"allow":["GET"]}}],"collection":[{"href":"https:\/\/vecchiosito.lanza-perugini.edu.it\/perugini\/wp-json\/wp\/v2\/pages"}],"about":[{"href":"https:\/\/vecchiosito.lanza-perugini.edu.it\/perugini\/wp-json\/wp\/v2\/types\/page"}],"author":[{"embeddable":true,"href":"https:\/\/vecchiosito.lanza-perugini.edu.it\/perugini\/wp-json\/wp\/v2\/users\/15"}],"replies":[{"embeddable":true,"href":"https:\/\/vecchiosito.lanza-perugini.edu.it\/perugini\/wp-json\/wp\/v2\/comments?post=648"}],"version-history":[{"count":1,"href":"https:\/\/vecchiosito.lanza-perugini.edu.it\/perugini\/wp-json\/wp\/v2\/pages\/648\/revisions"}],"predecessor-version":[{"id":5053,"href":"https:\/\/vecchiosito.lanza-perugini.edu.it\/perugini\/wp-json\/wp\/v2\/pages\/648\/revisions\/5053"}],"wp:attachment":[{"href":"https:\/\/vecchiosito.lanza-perugini.edu.it\/perugini\/wp-json\/wp\/v2\/media?parent=648"}],"curies":[{"name":"wp","href":"https:\/\/api.w.org\/{rel}","templated":true}]}}